{"id":131,"date":"2013-12-03T19:02:51","date_gmt":"2013-12-03T19:02:51","guid":{"rendered":"http:\/\/tsv-benshausen.de\/?page_id=131"},"modified":"2026-03-24T16:06:09","modified_gmt":"2026-03-24T16:06:09","slug":"sportlerheim","status":"publish","type":"page","link":"https:\/\/tsv-benshausen.de\/?page_id=131","title":{"rendered":"Sportlerheim"},"content":{"rendered":"\n<p>des TSV 1883 Benshausen e.V.<\/p>\n\n\n\n<p>F\u00fcr das Objekt wird zur eigenst\u00e4ndigen Bewirtschaftung ein neuer P\u00e4chter gesucht!<br>Interessenten m\u00f6gen sich bitte beim Vorstand des Vereines unter Tel. 0170 4342365 melden.<\/p>\n\n\n\n<p>Das Objekt kann weiterhin f\u00fcr Feierlichkeiten, Versammlungen, Schulungen und \u00e4hnliche Veranstaltungen nach Absprache tageweise durch Privatpersonen, Vereine oder Firmen gemietet werden.<\/p>\n\n\n\n<p>Informationen, Anfragen und Terminbuchungen k\u00f6nnen ebenfalls beim Vorstand Tel. 0170 4342365 eingeholt werden.<\/p>\n","protected":false},"excerpt":{"rendered":"<p>des TSV 1883 Benshausen e.V. F\u00fcr das Objekt wird zur eigenst\u00e4ndigen Bewirtschaftung ein neuer P\u00e4chter gesucht!Interessenten m\u00f6gen sich bitte beim Vorstand des Vereines unter Tel. 0170 4342365 melden. Das Objekt [&hellip;]<\/p>\n","protected":false},"author":1,"featured_media":0,"parent":18,"menu_order":0,"comment_status":"closed","ping_status":"closed","template":"","meta":{"footnotes":""},"class_list":["post-131","page","type-page","status-publish","hentry"],"_links":{"self":[{"href":"https:\/\/tsv-benshausen.de\/index.php?rest_route=\/wp\/v2\/pages\/131","targetHints":{"allow":["GET"]}}],"collection":[{"href":"https:\/\/tsv-benshausen.de\/index.php?rest_route=\/wp\/v2\/pages"}],"about":[{"href":"https:\/\/tsv-benshausen.de\/index.php?rest_route=\/wp\/v2\/types\/page"}],"author":[{"embeddable":true,"href":"https:\/\/tsv-benshausen.de\/index.php?rest_route=\/wp\/v2\/users\/1"}],"replies":[{"embeddable":true,"href":"https:\/\/tsv-benshausen.de\/index.php?rest_route=%2Fwp%2Fv2%2Fcomments&post=131"}],"version-history":[{"count":15,"href":"https:\/\/tsv-benshausen.de\/index.php?rest_route=\/wp\/v2\/pages\/131\/revisions"}],"predecessor-version":[{"id":624,"href":"https:\/\/tsv-benshausen.de\/index.php?rest_route=\/wp\/v2\/pages\/131\/revisions\/624"}],"up":[{"embeddable":true,"href":"https:\/\/tsv-benshausen.de\/index.php?rest_route=\/wp\/v2\/pages\/18"}],"wp:attachment":[{"href":"https:\/\/tsv-benshausen.de\/index.php?rest_route=%2Fwp%2Fv2%2Fmedia&parent=131"}],"curies":[{"name":"wp","href":"https:\/\/api.w.org\/{rel}","templated":true}]}}