{"id":147,"date":"2014-03-11T19:52:58","date_gmt":"2014-03-11T19:52:58","guid":{"rendered":"http:\/\/tsv-benshausen.de\/?page_id=147"},"modified":"2023-05-09T17:22:33","modified_gmt":"2023-05-09T17:22:33","slug":"dokumente","status":"publish","type":"page","link":"https:\/\/tsv-benshausen.de\/?page_id=147","title":{"rendered":"Dokumente"},"content":{"rendered":"<p>F\u00fcr Mitglieder und diejenigen, gern dabei sein m\u00f6chten, stellen wir hier die notwendigen Unterlagen zur Verf\u00fcgung:<\/p>\n<ul>\n<li><a href=\"https:\/\/tsv-benshausen.de\/wp-content\/uploads\/2023\/05\/Satzung_Fassung2022.pdf\" target=\"_blank\" rel=\"noopener\"><strong>Satzung (vom 17.06.2022)<\/strong><\/a><\/li>\n<li><strong><a href=\"https:\/\/tsv-benshausen.de\/wp-content\/uploads\/2018\/09\/TSV_Aufnahmeantrag_Allgemein_mit_SEPA.pdf\">TSV Aufnahmeantrag<\/a><\/strong>\n<ul>\n<li>F\u00fcr alle Erstmitglieder: Beantragt den Sportvereinsscheck beim DOSB und freut Euch \u00fcber eine Unterst\u00fctzung im ersten Mitgliedsjahr!<br \/><a href=\"https:\/\/foerderportal.dosb.de\/gutscheinaktion\/sportvereinsscheck\/\" target=\"_blank\" rel=\"noopener\">F\u00f6rderportal des DOSB<\/a><br \/>Der Scheck kann beim Vorstand eingel\u00f6st werden, einfach an vorstand[at]tsv-benshausen.de schicken.<\/li>\n<\/ul>\n<\/li>\n<li><a href=\"https:\/\/tsv-benshausen.de\/wp-content\/uploads\/2018\/06\/Merkblatt-Informationspflichten.pdf\">Merkblatt Informationspflichten<\/a><\/li>\n<\/ul>\n<p><strong>Ordnungen<\/strong><\/p>\n<ul>\n<li><a href=\"https:\/\/tsv-benshausen.de\/wp-content\/uploads\/2018\/06\/Datenschutzordnung.pdf\">Datenschutzordnung<\/a><\/li>\n<li><a href=\"https:\/\/tsv-benshausen.de\/wp-content\/uploads\/2015\/04\/Finanzordnung.pdf\">Finanzordnung<\/a> (vom 24.04.2015)<\/li>\n<li><a href=\"https:\/\/tsv-benshausen.de\/wp-content\/uploads\/2015\/04\/Beitragsordnung.pdf\">Beitragsordnung<\/a> (vom 24.04.2015)<\/li>\n<li><a href=\"https:\/\/tsv-benshausen.de\/wp-content\/uploads\/2014\/03\/Jugendordnung.pdf\">Jugendordnung<\/a><\/li>\n<\/ul>\n<p><strong>Vorschl\u00e4ge zur Neufassung<\/strong><\/p>\n<ul>\n<li><a href=\"https:\/\/tsv-benshausen.de\/wp-content\/uploads\/2016\/04\/Jugendordnung2016.pdf\" rel=\"\">Jugendordnung 2016<\/a><\/li>\n<\/ul>\n\n\n<p><strong>Dokumente zum Infektionsschutz<\/strong><\/p>\n\n\n\n<ul class=\"wp-block-list\">\n<li><a href=\"https:\/\/tsv-benshausen.de\/wp-content\/uploads\/2020\/06\/Verhaltens-und-Hygieneregeln-TSV.pdf\">Verhaltens- und Hygieneregeln<\/a><\/li>\n\n\n\n<li><a href=\"https:\/\/tsv-benshausen.de\/wp-content\/uploads\/2020\/06\/Infektionsschutzkonzept TSV.pdf\" target=\"_blank\" rel=\"noreferrer noopener\">Infektionsschutzkonzept<\/a><\/li>\n\n\n\n<li><a rel=\"noreferrer noopener\" href=\"https:\/\/tsv-benshausen.de\/wp-content\/uploads\/2020\/06\/Teilnehmerliste-TSV.pdf\" target=\"_blank\">Teilnehmerliste<\/a><\/li>\n<\/ul>\n\n\n\n<p><\/p>\n","protected":false},"excerpt":{"rendered":"<p>F\u00fcr Mitglieder und diejenigen, gern dabei sein m\u00f6chten, stellen wir hier die notwendigen Unterlagen zur Verf\u00fcgung: Satzung (vom 17.06.2022) TSV Aufnahmeantrag F\u00fcr alle Erstmitglieder: Beantragt den Sportvereinsscheck beim DOSB und [&hellip;]<\/p>\n","protected":false},"author":1,"featured_media":0,"parent":0,"menu_order":3,"comment_status":"closed","ping_status":"closed","template":"","meta":{"footnotes":""},"class_list":["post-147","page","type-page","status-publish","hentry"],"_links":{"self":[{"href":"https:\/\/tsv-benshausen.de\/index.php?rest_route=\/wp\/v2\/pages\/147","targetHints":{"allow":["GET"]}}],"collection":[{"href":"https:\/\/tsv-benshausen.de\/index.php?rest_route=\/wp\/v2\/pages"}],"about":[{"href":"https:\/\/tsv-benshausen.de\/index.php?rest_route=\/wp\/v2\/types\/page"}],"author":[{"embeddable":true,"href":"https:\/\/tsv-benshausen.de\/index.php?rest_route=\/wp\/v2\/users\/1"}],"replies":[{"embeddable":true,"href":"https:\/\/tsv-benshausen.de\/index.php?rest_route=%2Fwp%2Fv2%2Fcomments&post=147"}],"version-history":[{"count":32,"href":"https:\/\/tsv-benshausen.de\/index.php?rest_route=\/wp\/v2\/pages\/147\/revisions"}],"predecessor-version":[{"id":595,"href":"https:\/\/tsv-benshausen.de\/index.php?rest_route=\/wp\/v2\/pages\/147\/revisions\/595"}],"wp:attachment":[{"href":"https:\/\/tsv-benshausen.de\/index.php?rest_route=%2Fwp%2Fv2%2Fmedia&parent=147"}],"curies":[{"name":"wp","href":"https:\/\/api.w.org\/{rel}","templated":true}]}}