{"id":42,"date":"2013-11-28T20:06:15","date_gmt":"2013-11-28T20:06:15","guid":{"rendered":"http:\/\/tsv-benshausen.de\/?page_id=42"},"modified":"2018-09-04T19:21:57","modified_gmt":"2018-09-04T19:21:57","slug":"rollstuhlsport","status":"publish","type":"page","link":"https:\/\/tsv-benshausen.de\/?page_id=42","title":{"rendered":"Rollstuhlbasketball &#8211; 4wheelers"},"content":{"rendered":"<h3>Wir m\u00f6chten in unserem Rollstuhlbasketball &#8211; Team Spa\u00df und Lebensfreude f\u00fcr Menschen mit und ohne Handicap f\u00f6rdern.<\/h3>\n<p>Aktiv zu sein und wieder selbstbestimmt zu leben ist ebenso wichtig wie die eigene Mobilit\u00e4t zu erlangen und im Team gesetzte Ziele sowie sportliche Erfolge zu erreichen.<br \/>\nDeshalb treffen wir uns jeden Dienstag von 17-18.30 Uhr in der Turnhalle der Gemeinde Benshausen, um hier die eigene k\u00f6rperliche Leistungsf\u00e4higkeit zu erhalten bzw. zu verbessern und im sozialen Miteinander Freude an der regelm\u00e4\u00dfigen Bewegung zu erfahren.\n<\/p>\n<table border=\"0\" width=\"100%\" cellspacing=\"0\" cellpadding=\"0\">\n<tbody>\n<tr>\n<td width=\"66%\"><b>Menschen mit und ohne Handicap zusammen zu bringen, um Hemmschwellen abzubauen und das aktive Miteinander zu f\u00f6rdern!<\/b><\/p>\n<ul>\n<li>Kommunikation &amp; Integration<\/li>\n<li>Fitness &amp; Gesundheit<\/li>\n<li>Spa\u00df, Freude &amp; Geselligkeit<\/li>\n<li>Kontakte &amp; Freundschaften<\/li>\n<li>Informationen &amp; Erfahrungen<\/li>\n<\/ul>\n<p><strong>Motto: Wenn man Spa\u00df beim Sport hat, kommt der Erfolg von ganz alleine!<\/strong><\/td>\n<td><b>Ansprechpartner:<\/b><\/p>\n<address>Abteilungsleiter Cliff Junker<\/address>\n<p>+49 (0)36843 &#8211;<br \/>\n<a href=\"mailto:rollstuhlsport@tsv-benshausen.de\">rollstuhlsport@tsv-benshausen.de<\/a><\/td>\n<\/tr>\n<tr>\n<td width=\"66%\"><b>Trainingsort<\/b><br \/>\nTurnhalle Benshausen<br \/>\nPestalozzistr. 1<b>Trainingszeiten<\/b><br \/>\nDienstag ab 17:00 Uhr bis 18:30 Uhr<\/td>\n<td><\/td>\n<\/tr>\n<\/tbody>\n<\/table>\n","protected":false},"excerpt":{"rendered":"<p>Wir m\u00f6chten in unserem Rollstuhlbasketball &#8211; Team Spa\u00df und Lebensfreude f\u00fcr Menschen mit und ohne Handicap f\u00f6rdern. Aktiv zu sein und wieder selbstbestimmt zu leben ist ebenso wichtig wie die [&hellip;]<\/p>\n","protected":false},"author":1,"featured_media":477,"parent":16,"menu_order":6,"comment_status":"closed","ping_status":"closed","template":"","meta":{"footnotes":""},"class_list":["post-42","page","type-page","status-publish","has-post-thumbnail","hentry"],"_links":{"self":[{"href":"https:\/\/tsv-benshausen.de\/index.php?rest_route=\/wp\/v2\/pages\/42","targetHints":{"allow":["GET"]}}],"collection":[{"href":"https:\/\/tsv-benshausen.de\/index.php?rest_route=\/wp\/v2\/pages"}],"about":[{"href":"https:\/\/tsv-benshausen.de\/index.php?rest_route=\/wp\/v2\/types\/page"}],"author":[{"embeddable":true,"href":"https:\/\/tsv-benshausen.de\/index.php?rest_route=\/wp\/v2\/users\/1"}],"replies":[{"embeddable":true,"href":"https:\/\/tsv-benshausen.de\/index.php?rest_route=%2Fwp%2Fv2%2Fcomments&post=42"}],"version-history":[{"count":10,"href":"https:\/\/tsv-benshausen.de\/index.php?rest_route=\/wp\/v2\/pages\/42\/revisions"}],"predecessor-version":[{"id":478,"href":"https:\/\/tsv-benshausen.de\/index.php?rest_route=\/wp\/v2\/pages\/42\/revisions\/478"}],"up":[{"embeddable":true,"href":"https:\/\/tsv-benshausen.de\/index.php?rest_route=\/wp\/v2\/pages\/16"}],"wp:featuredmedia":[{"embeddable":true,"href":"https:\/\/tsv-benshausen.de\/index.php?rest_route=\/wp\/v2\/media\/477"}],"wp:attachment":[{"href":"https:\/\/tsv-benshausen.de\/index.php?rest_route=%2Fwp%2Fv2%2Fmedia&parent=42"}],"curies":[{"name":"wp","href":"https:\/\/api.w.org\/{rel}","templated":true}]}}